{"id":54,"date":"2017-11-22T20:16:57","date_gmt":"2017-11-22T20:16:57","guid":{"rendered":"http:\/\/medicalkinetics.nl\/?page_id=54"},"modified":"2017-11-22T20:16:57","modified_gmt":"2017-11-22T20:16:57","slug":"zakelijke-informatie","status":"publish","type":"page","link":"https:\/\/medicalkinetics.nl\/index.php\/wat-is-medicalkinetics\/zakelijke-informatie\/","title":{"rendered":"Zakelijke informatie"},"content":{"rendered":"<p>DE LICHAMELIJKE AANPAK VAN ARBEIDSGERELATEERDE KLACHTEN<\/p>\n<p>MedicalKinetics\u00ae is een effectief oefeningenprogramma dat ingezet kan worden bij re\u00efntegratie en preventie. De MedicalKinetics-trainer is een afgestudeerd paramedicus met toegespitste kennis over:<\/p>\n<ul>\n<li>rsi<\/li>\n<li>klachten aan het bewegings-apparaat, zoals rugklachten<\/li>\n<li>transfer- en tiltechnieken<\/li>\n<li>stress en burn-out<\/li>\n<li>verkeerde (werk)houding<\/li>\n<li>arbeidsgerelateerde klachten.<\/li>\n<li>Bewezen effectief<\/li>\n<\/ul>\n<p>Uit wetenschappelijk onderzoek blijkt dat oefentherapie effectief is in het verminderen van een groot aantal klachten. MedicalKinetics biedt een helder programma, waarmee het ziekteverzuim teruggedrongen kan worden.<\/p>\n<p><strong>Niet alleen theorie<\/strong><br \/>\nIedereen weet het: met een goede werkplek en houding kunnen heel wat klachten voorkomen worden. Ook werknemers weten heel goed hoe het moet \u2013 een theoretische cursus is dus niet voldoende. De MedicalKinetics-trainer gaat daarom in groepen met mensen aan de slag. Werken aan de spieren die je gebruikt als je goed beweegt, werken aan de soepelheid, kracht, balans en ontspanning. Omdat deze manier van aanpak ook is gericht op stressvermindering, vinden werknemers een betere balans tussen inspanning en rust.<\/p>\n<p><strong>Het programma<\/strong><br \/>\nHet MedicalKinetics-programma bestaat uit de volgende onderdelen:<\/p>\n<ul>\n<li>individueel onderzoek;<\/li>\n<li>individuele werkplekanalyse;<\/li>\n<li>een praktische cursus over lichamelijke klachten, over-belasting, stress en rsi. Er is nadrukkelijk aandacht voor de mentale kant van klachten: aan bod komen ontspanning, inner-lijke rust, leren luisteren naar je lichaam en het plezier van werken. Dit krijgt allemaal een praktische invulling;<\/li>\n<li>groepslessen gedurende acht weken, waarin gewerkt wordt aan ef\ufb01ci\u00ebnt en gezond bewegen, conditie en mentale instelling;<\/li>\n<li>individuele controle en follow-up;<\/li>\n<li>indien gewenst: vervolglessen.<\/li>\n<\/ul>\n<p><strong>Re\u00efntegratie<\/strong><br \/>\nMet dit programma kunt u ziekteverzuim over de hele breedte aanpakken. Niet alleen voor preventie, maar juist ook voor re\u00efntegratie is MedicalKinetics zeer geschikt. Niet de enorme kosten van re\u00efntegratiebureaus, maar w\u00e9l een re\u00efntegratieplan dat methodes gebruikt die bewezen effectief zijn. Daar worden u en uw werknemer allebei beter van.<\/p>\n<p><strong>De MedicalKinetics-trainer: paramedicus met nascholingsplicht<\/strong><br \/>\nOmdat MedicalKinetics alleen binnen een franchise aangeboden mag worden, kunnen er kwaliteitseisen aan de trainers gesteld worden. Aan de franchise zit gekoppeld een verplichte voortgaande nascholing aan het gerenommeerde Paramedisch Bij- en Nascholingscentrum. Zo wordt aansluiting bij de recentste ontwikkelingen gewaarborgd.<\/p>\n<p><a href=\"http:\/\/medicalkinetics.nl\/wp-content\/uploads\/2017\/11\/AA002-folder-Zakelijk_2.pdf\">Download folder<\/a><\/p>\n","protected":false},"excerpt":{"rendered":"<p>DE LICHAMELIJKE AANPAK VAN ARBEIDSGERELATEERDE KLACHTEN MedicalKinetics\u00ae is een effectief oefeningenprogramma dat ingezet kan worden bij re\u00efntegratie en preventie. De MedicalKinetics-trainer is een afgestudeerd paramedicus met toegespitste kennis over: rsi klachten aan het bewegings-apparaat, zoals rugklachten transfer- en tiltechnieken stress en burn-out verkeerde (werk)houding arbeidsgerelateerde klachten. Bewezen effectief Uit wetenschappelijk onderzoek blijkt dat oefentherapie effectief &#8230; <a title=\"Zakelijke informatie\" class=\"read-more\" href=\"https:\/\/medicalkinetics.nl\/index.php\/wat-is-medicalkinetics\/zakelijke-informatie\/\" aria-label=\"Lees meer over Zakelijke informatie\">Read more<\/a><\/p>\n","protected":false},"author":1,"featured_media":0,"parent":20,"menu_order":0,"comment_status":"closed","ping_status":"closed","template":"","meta":{"generate_page_header":"","footnotes":""},"class_list":["post-54","page","type-page","status-publish"],"yoast_head":"<!-- This site is optimized with the Yoast SEO plugin v27.6 - https:\/\/yoast.com\/product\/yoast-seo-wordpress\/ -->\n<title>Zakelijke informatie - Medicalkinetics<\/title>\n<meta name=\"robots\" content=\"index, follow, max-snippet:-1, max-image-preview:large, max-video-preview:-1\" \/>\n<link rel=\"canonical\" href=\"https:\/\/medicalkinetics.nl\/index.php\/wat-is-medicalkinetics\/zakelijke-informatie\/\" \/>\n<meta property=\"og:locale\" content=\"nl_NL\" \/>\n<meta property=\"og:type\" content=\"article\" \/>\n<meta property=\"og:title\" content=\"Zakelijke informatie - Medicalkinetics\" \/>\n<meta property=\"og:description\" content=\"DE LICHAMELIJKE AANPAK VAN ARBEIDSGERELATEERDE KLACHTEN MedicalKinetics\u00ae is een effectief oefeningenprogramma dat ingezet kan worden bij re\u00efntegratie en preventie. De MedicalKinetics-trainer is een afgestudeerd paramedicus met toegespitste kennis over: rsi klachten aan het bewegings-apparaat, zoals rugklachten transfer- en tiltechnieken stress en burn-out verkeerde (werk)houding arbeidsgerelateerde klachten. Bewezen effectief Uit wetenschappelijk onderzoek blijkt dat oefentherapie effectief ... Read more\" \/>\n<meta property=\"og:url\" content=\"https:\/\/medicalkinetics.nl\/index.php\/wat-is-medicalkinetics\/zakelijke-informatie\/\" \/>\n<meta property=\"og:site_name\" content=\"Medicalkinetics\" \/>\n<meta name=\"twitter:card\" content=\"summary_large_image\" \/>\n<meta name=\"twitter:label1\" content=\"Geschatte leestijd\" \/>\n\t<meta name=\"twitter:data1\" content=\"2 minuten\" \/>\n<script type=\"application\/ld+json\" class=\"yoast-schema-graph\">{\"@context\":\"https:\\\/\\\/schema.org\",\"@graph\":[{\"@type\":\"WebPage\",\"@id\":\"https:\\\/\\\/medicalkinetics.nl\\\/index.php\\\/wat-is-medicalkinetics\\\/zakelijke-informatie\\\/\",\"url\":\"https:\\\/\\\/medicalkinetics.nl\\\/index.php\\\/wat-is-medicalkinetics\\\/zakelijke-informatie\\\/\",\"name\":\"Zakelijke informatie - Medicalkinetics\",\"isPartOf\":{\"@id\":\"https:\\\/\\\/medicalkinetics.nl\\\/#website\"},\"datePublished\":\"2017-11-22T20:16:57+00:00\",\"breadcrumb\":{\"@id\":\"https:\\\/\\\/medicalkinetics.nl\\\/index.php\\\/wat-is-medicalkinetics\\\/zakelijke-informatie\\\/#breadcrumb\"},\"inLanguage\":\"nl-NL\",\"potentialAction\":[{\"@type\":\"ReadAction\",\"target\":[\"https:\\\/\\\/medicalkinetics.nl\\\/index.php\\\/wat-is-medicalkinetics\\\/zakelijke-informatie\\\/\"]}]},{\"@type\":\"BreadcrumbList\",\"@id\":\"https:\\\/\\\/medicalkinetics.nl\\\/index.php\\\/wat-is-medicalkinetics\\\/zakelijke-informatie\\\/#breadcrumb\",\"itemListElement\":[{\"@type\":\"ListItem\",\"position\":1,\"name\":\"Home\",\"item\":\"https:\\\/\\\/medicalkinetics.nl\\\/\"},{\"@type\":\"ListItem\",\"position\":2,\"name\":\"Wat is MedicalKinetics?\",\"item\":\"https:\\\/\\\/medicalkinetics.nl\\\/index.php\\\/wat-is-medicalkinetics\\\/\"},{\"@type\":\"ListItem\",\"position\":3,\"name\":\"Zakelijke informatie\"}]},{\"@type\":\"WebSite\",\"@id\":\"https:\\\/\\\/medicalkinetics.nl\\\/#website\",\"url\":\"https:\\\/\\\/medicalkinetics.nl\\\/\",\"name\":\"Medicalkinetics\",\"description\":\"\",\"publisher\":{\"@id\":\"https:\\\/\\\/medicalkinetics.nl\\\/#organization\"},\"potentialAction\":[{\"@type\":\"SearchAction\",\"target\":{\"@type\":\"EntryPoint\",\"urlTemplate\":\"https:\\\/\\\/medicalkinetics.nl\\\/?s={search_term_string}\"},\"query-input\":{\"@type\":\"PropertyValueSpecification\",\"valueRequired\":true,\"valueName\":\"search_term_string\"}}],\"inLanguage\":\"nl-NL\"},{\"@type\":\"Organization\",\"@id\":\"https:\\\/\\\/medicalkinetics.nl\\\/#organization\",\"name\":\"Medicalkinetics\",\"url\":\"https:\\\/\\\/medicalkinetics.nl\\\/\",\"logo\":{\"@type\":\"ImageObject\",\"inLanguage\":\"nl-NL\",\"@id\":\"https:\\\/\\\/medicalkinetics.nl\\\/#\\\/schema\\\/logo\\\/image\\\/\",\"url\":\"https:\\\/\\\/i0.wp.com\\\/medicalkinetics.nl\\\/wp-content\\\/uploads\\\/2017\\\/11\\\/cropped-medical-kinetics.png?fit=524%2C141&ssl=1\",\"contentUrl\":\"https:\\\/\\\/i0.wp.com\\\/medicalkinetics.nl\\\/wp-content\\\/uploads\\\/2017\\\/11\\\/cropped-medical-kinetics.png?fit=524%2C141&ssl=1\",\"width\":524,\"height\":141,\"caption\":\"Medicalkinetics\"},\"image\":{\"@id\":\"https:\\\/\\\/medicalkinetics.nl\\\/#\\\/schema\\\/logo\\\/image\\\/\"}}]}<\/script>\n<!-- \/ Yoast SEO plugin. -->","yoast_head_json":{"title":"Zakelijke informatie - Medicalkinetics","robots":{"index":"index","follow":"follow","max-snippet":"max-snippet:-1","max-image-preview":"max-image-preview:large","max-video-preview":"max-video-preview:-1"},"canonical":"https:\/\/medicalkinetics.nl\/index.php\/wat-is-medicalkinetics\/zakelijke-informatie\/","og_locale":"nl_NL","og_type":"article","og_title":"Zakelijke informatie - Medicalkinetics","og_description":"DE LICHAMELIJKE AANPAK VAN ARBEIDSGERELATEERDE KLACHTEN MedicalKinetics\u00ae is een effectief oefeningenprogramma dat ingezet kan worden bij re\u00efntegratie en preventie. De MedicalKinetics-trainer is een afgestudeerd paramedicus met toegespitste kennis over: rsi klachten aan het bewegings-apparaat, zoals rugklachten transfer- en tiltechnieken stress en burn-out verkeerde (werk)houding arbeidsgerelateerde klachten. Bewezen effectief Uit wetenschappelijk onderzoek blijkt dat oefentherapie effectief ... Read more","og_url":"https:\/\/medicalkinetics.nl\/index.php\/wat-is-medicalkinetics\/zakelijke-informatie\/","og_site_name":"Medicalkinetics","twitter_card":"summary_large_image","twitter_misc":{"Geschatte leestijd":"2 minuten"},"schema":{"@context":"https:\/\/schema.org","@graph":[{"@type":"WebPage","@id":"https:\/\/medicalkinetics.nl\/index.php\/wat-is-medicalkinetics\/zakelijke-informatie\/","url":"https:\/\/medicalkinetics.nl\/index.php\/wat-is-medicalkinetics\/zakelijke-informatie\/","name":"Zakelijke informatie - Medicalkinetics","isPartOf":{"@id":"https:\/\/medicalkinetics.nl\/#website"},"datePublished":"2017-11-22T20:16:57+00:00","breadcrumb":{"@id":"https:\/\/medicalkinetics.nl\/index.php\/wat-is-medicalkinetics\/zakelijke-informatie\/#breadcrumb"},"inLanguage":"nl-NL","potentialAction":[{"@type":"ReadAction","target":["https:\/\/medicalkinetics.nl\/index.php\/wat-is-medicalkinetics\/zakelijke-informatie\/"]}]},{"@type":"BreadcrumbList","@id":"https:\/\/medicalkinetics.nl\/index.php\/wat-is-medicalkinetics\/zakelijke-informatie\/#breadcrumb","itemListElement":[{"@type":"ListItem","position":1,"name":"Home","item":"https:\/\/medicalkinetics.nl\/"},{"@type":"ListItem","position":2,"name":"Wat is MedicalKinetics?","item":"https:\/\/medicalkinetics.nl\/index.php\/wat-is-medicalkinetics\/"},{"@type":"ListItem","position":3,"name":"Zakelijke informatie"}]},{"@type":"WebSite","@id":"https:\/\/medicalkinetics.nl\/#website","url":"https:\/\/medicalkinetics.nl\/","name":"Medicalkinetics","description":"","publisher":{"@id":"https:\/\/medicalkinetics.nl\/#organization"},"potentialAction":[{"@type":"SearchAction","target":{"@type":"EntryPoint","urlTemplate":"https:\/\/medicalkinetics.nl\/?s={search_term_string}"},"query-input":{"@type":"PropertyValueSpecification","valueRequired":true,"valueName":"search_term_string"}}],"inLanguage":"nl-NL"},{"@type":"Organization","@id":"https:\/\/medicalkinetics.nl\/#organization","name":"Medicalkinetics","url":"https:\/\/medicalkinetics.nl\/","logo":{"@type":"ImageObject","inLanguage":"nl-NL","@id":"https:\/\/medicalkinetics.nl\/#\/schema\/logo\/image\/","url":"https:\/\/i0.wp.com\/medicalkinetics.nl\/wp-content\/uploads\/2017\/11\/cropped-medical-kinetics.png?fit=524%2C141&ssl=1","contentUrl":"https:\/\/i0.wp.com\/medicalkinetics.nl\/wp-content\/uploads\/2017\/11\/cropped-medical-kinetics.png?fit=524%2C141&ssl=1","width":524,"height":141,"caption":"Medicalkinetics"},"image":{"@id":"https:\/\/medicalkinetics.nl\/#\/schema\/logo\/image\/"}}]}},"jetpack_sharing_enabled":true,"jetpack_shortlink":"https:\/\/wp.me\/P9tcvc-S","_links":{"self":[{"href":"https:\/\/medicalkinetics.nl\/index.php\/wp-json\/wp\/v2\/pages\/54","targetHints":{"allow":["GET"]}}],"collection":[{"href":"https:\/\/medicalkinetics.nl\/index.php\/wp-json\/wp\/v2\/pages"}],"about":[{"href":"https:\/\/medicalkinetics.nl\/index.php\/wp-json\/wp\/v2\/types\/page"}],"author":[{"embeddable":true,"href":"https:\/\/medicalkinetics.nl\/index.php\/wp-json\/wp\/v2\/users\/1"}],"replies":[{"embeddable":true,"href":"https:\/\/medicalkinetics.nl\/index.php\/wp-json\/wp\/v2\/comments?post=54"}],"version-history":[{"count":1,"href":"https:\/\/medicalkinetics.nl\/index.php\/wp-json\/wp\/v2\/pages\/54\/revisions"}],"predecessor-version":[{"id":56,"href":"https:\/\/medicalkinetics.nl\/index.php\/wp-json\/wp\/v2\/pages\/54\/revisions\/56"}],"up":[{"embeddable":true,"href":"https:\/\/medicalkinetics.nl\/index.php\/wp-json\/wp\/v2\/pages\/20"}],"wp:attachment":[{"href":"https:\/\/medicalkinetics.nl\/index.php\/wp-json\/wp\/v2\/media?parent=54"}],"curies":[{"name":"wp","href":"https:\/\/api.w.org\/{rel}","templated":true}]}}